{"id":20603,"date":"2019-01-07T13:00:32","date_gmt":"2019-01-07T12:00:32","guid":{"rendered":"https:\/\/velumnautica.com\/djelatnosti-2\/"},"modified":"2019-01-07T13:00:32","modified_gmt":"2019-01-07T12:00:32","slug":"djelatnosti-2","status":"publish","type":"page","link":"https:\/\/velumnautica.com\/en\/djelatnosti-2\/","title":{"rendered":"DJELATNOSTI"},"content":{"rendered":"<p style=\"text-align: left;\"><span style=\"font-family: Tahoma;\"><span style=\"color: rgb(0, 0, 0);\" data-mce-style=\"font-family: georgia,palatino; font-size: 16px; color: #000000;\">Vi\u0161egodi\u0161njim<br \/>\n prisustvom na tr\u017ei\u0161tu tvrtka je pro\u0161irila spektar djelatnosti na izradu<br \/>\n brodskog namje\u0161taja i izradu paluba od tikovine, izradu krmenih<br \/>\nplatformi, roll-bar, spojlera, tvrdih krovova; opremanje plovila opremom<br \/>\n renomiranih proizvo\u0111a\u010da: Vetus, Osculati, Quick ,itd.; bojanje jahti<br \/>\nprimjenom visokokvalitetnih materijala: AWL Grip, DuPont, Hempel<br \/>\nProfinish, itd.; popravci gelcoata; sanacija osmoze i antiosmozni<br \/>\ntretmani.<\/span><br \/><span style=\"color: rgb(0, 0, 0);\" data-mce-style=\"font-family: georgia,palatino; font-size: 16px; color: #000000;\">Nova usluga koju pru\u017ea tvrtka VELUM NAUTICA je ispitivanje metodama bez razaranja (NDT): <strong>ULTRAZVUK<\/strong>.<\/span><\/span><\/p>\n<p style=\"text-align: left;\"><span style=\"font-family: Tahoma;\"><span style=\"color: rgb(0, 0, 0);\" data-mce-style=\"font-family: georgia,palatino; font-size: 16px; color: #000000;\"><strong>1.<\/strong> <strong>Konstrukcijski popravci<\/strong><\/span><br \/><span style=\"color: rgb(0, 0, 0);\" data-mce-style=\"font-family: georgia,palatino; font-size: 16px; color: #000000;\">&nbsp;&nbsp;<br \/>\n Obavljamo konstrukcijske popravke jahti kompozitnim materijalima i<br \/>\nsuvremenom tehnologijom. Kod konstrukcijskih popravaka koriste se<br \/>\nduromerne poliesterske, vinilesterske i epoksidne matrice provjerenih<br \/>\nproizvo\u0111a\u010da te materijali oja\u010davala: staklena vlakna, ugljikova vlakna<br \/>\n(carbon) te aramidna vlakna (kevlar). &nbsp;<\/span><br \/><span style=\"color: rgb(0, 0, 0);\" data-mce-style=\"font-family: georgia,palatino; font-size: 16px; color: #000000;\"><strong>2<\/strong>. <strong>Izrada brodskog namje\u0161taja<\/strong><\/span><br \/><span style=\"color: rgb(0, 0, 0);\" data-mce-style=\"font-family: georgia,palatino; font-size: 16px; color: #000000;\">&nbsp;&nbsp; Prilikom izrade namje\u0161taja nudimo i mogu\u0107nosti novih konstrukcijski rije\u0161enja.<\/span><br \/><span style=\"color: rgb(0, 0, 0);\" data-mce-style=\"font-family: georgia,palatino; font-size: 16px; color: #000000;\"><strong>3.<\/strong> <strong>Deck production<\/strong><\/span><br \/><span style=\"color: rgb(0, 0, 0);\" data-mce-style=\"font-family: georgia,palatino; font-size: 16px; color: #000000;\">&nbsp;&nbsp; Pri izradi paluba naj\u010de\u0161\u0107e se koristi prirodni materijal tikovina, ili u novije vrijeme Tek-Dek.<\/span><br \/><span style=\"color: rgb(0, 0, 0);\" data-mce-style=\"font-family: georgia,palatino; font-size: 16px; color: #000000;\"><strong>4.<\/strong> <strong>Nova konstrukcijska rije\u0161enja na plovilima<\/strong><\/span><br \/><span style=\"color: rgb(0, 0, 0);\" data-mce-style=\"font-family: georgia,palatino; font-size: 16px; color: #000000;\">&nbsp;&nbsp;<br \/>\n Prilikom izrade novih konstrukcijskih rije\u0161enja (roll-bar, spojleri,<br \/>\ntvrdi krovovi, itd.) koriste se duromerne poliesterske, vinilesterske i<br \/>\nepoksidne matrice provjerenih&nbsp;&nbsp;&nbsp; proizvo\u0111a\u010da te materijali oja\u010davala:<br \/>\nstaklena vlakna, ugljikova vlakna (carbon) te aramidna vlakna (kevlar).<\/span><br \/><span style=\"color: rgb(0, 0, 0);\" data-mce-style=\"font-family: georgia,palatino; font-size: 16px; color: #000000;\"><strong>5.<\/strong> <strong>Vessel paint job<\/strong><\/span><br \/><span style=\"color: rgb(0, 0, 0);\" data-mce-style=\"font-family: georgia,palatino; font-size: 16px; color: #000000;\">&nbsp;&nbsp;<br \/>\n Bojanje jahti izvodi se u specializiranim \u0161atorima uz primjenu<br \/>\nvisokokvalitetnih materiajala: AWL Grip, DuPont, Hempel Profinish, itd.<\/span><br \/><span style=\"color: rgb(0, 0, 0);\" data-mce-style=\"font-family: georgia,palatino; font-size: 16px; color: #000000;\"><strong>6.<\/strong> <strong>Sanacija osmoze i antiosmozni tretmani<\/strong><\/span><br \/><span style=\"color: rgb(0, 0, 0);\" data-mce-style=\"font-family: georgia,palatino; font-size: 16px; color: #000000;\">&nbsp;&nbsp;<br \/>\n Definicija iz rje\u010dnika: Prolaz fluida kroz membranu ili porozno tijelo.<br \/>\n Definicija vlasnika plovila: Najve\u0107i neprijatelj vlasnika plovila.<\/span><\/span><\/p>\n<p style=\"text-align: justify;\"><span style=\"color: rgb(33, 33, 33); font-family: 'Times New Roman', serif; line-height: 13px; font-size: medium;\"><br \/><\/span><\/p>","protected":false},"excerpt":{"rendered":"<p>Vi\u0161egodi\u0161njim prisustvom na tr\u017ei\u0161tu tvrtka je pro\u0161irila spektar djelatnosti na izradu brodskog namje\u0161taja i izradu paluba od tikovine, izradu krmenih platformi, roll-bar, spojlera, tvrdih krovova; opremanje plovila opremom renomiranih proizvo\u0111a\u010da: Vetus, Osculati, Quick ,itd.; bojanje jahti primjenom visokokvalitetnih materijala: AWL Grip, DuPont, Hempel Profinish, itd.; popravci gelcoata; sanacija osmoze i antiosmozni tretmani.Nova usluga koju pru\u017ea [&hellip;]<\/p>\n","protected":false},"author":1,"featured_media":0,"parent":0,"menu_order":2,"comment_status":"closed","ping_status":"closed","template":"","meta":{"ocean_post_layout":"","ocean_both_sidebars_style":"","ocean_both_sidebars_content_width":0,"ocean_both_sidebars_sidebars_width":0,"ocean_sidebar":"","ocean_second_sidebar":"","ocean_disable_margins":"enable","ocean_add_body_class":"","ocean_shortcode_before_top_bar":"","ocean_shortcode_after_top_bar":"","ocean_shortcode_before_header":"","ocean_shortcode_after_header":"","ocean_has_shortcode":"","ocean_shortcode_after_title":"","ocean_shortcode_before_footer_widgets":"","ocean_shortcode_after_footer_widgets":"","ocean_shortcode_before_footer_bottom":"","ocean_shortcode_after_footer_bottom":"","ocean_display_top_bar":"default","ocean_display_header":"default","ocean_header_style":"","ocean_center_header_left_menu":"","ocean_custom_header_template":"","ocean_custom_logo":0,"ocean_custom_retina_logo":0,"ocean_custom_logo_max_width":0,"ocean_custom_logo_tablet_max_width":0,"ocean_custom_logo_mobile_max_width":0,"ocean_custom_logo_max_height":0,"ocean_custom_logo_tablet_max_height":0,"ocean_custom_logo_mobile_max_height":0,"ocean_header_custom_menu":"","ocean_menu_typo_font_family":"","ocean_menu_typo_font_subset":"","ocean_menu_typo_font_size":0,"ocean_menu_typo_font_size_tablet":0,"ocean_menu_typo_font_size_mobile":0,"ocean_menu_typo_font_size_unit":"px","ocean_menu_typo_font_weight":"","ocean_menu_typo_font_weight_tablet":"","ocean_menu_typo_font_weight_mobile":"","ocean_menu_typo_transform":"","ocean_menu_typo_transform_tablet":"","ocean_menu_typo_transform_mobile":"","ocean_menu_typo_line_height":0,"ocean_menu_typo_line_height_tablet":0,"ocean_menu_typo_line_height_mobile":0,"ocean_menu_typo_line_height_unit":"","ocean_menu_typo_spacing":0,"ocean_menu_typo_spacing_tablet":0,"ocean_menu_typo_spacing_mobile":0,"ocean_menu_typo_spacing_unit":"","ocean_menu_link_color":"","ocean_menu_link_color_hover":"","ocean_menu_link_color_active":"","ocean_menu_link_background":"","ocean_menu_link_hover_background":"","ocean_menu_link_active_background":"","ocean_menu_social_links_bg":"","ocean_menu_social_hover_links_bg":"","ocean_menu_social_links_color":"","ocean_menu_social_hover_links_color":"","ocean_disable_title":"default","ocean_disable_heading":"default","ocean_post_title":"","ocean_post_subheading":"","ocean_post_title_style":"","ocean_post_title_background_color":"","ocean_post_title_background":0,"ocean_post_title_bg_image_position":"","ocean_post_title_bg_image_attachment":"","ocean_post_title_bg_image_repeat":"","ocean_post_title_bg_image_size":"","ocean_post_title_height":0,"ocean_post_title_bg_overlay":0.5,"ocean_post_title_bg_overlay_color":"","ocean_disable_breadcrumbs":"default","ocean_breadcrumbs_color":"","ocean_breadcrumbs_separator_color":"","ocean_breadcrumbs_links_color":"","ocean_breadcrumbs_links_hover_color":"","ocean_display_footer_widgets":"default","ocean_display_footer_bottom":"default","ocean_custom_footer_template":"","footnotes":""},"class_list":["post-20603","page","type-page","status-publish","hentry","entry"],"_links":{"self":[{"href":"https:\/\/velumnautica.com\/en\/wp-json\/wp\/v2\/pages\/20603","targetHints":{"allow":["GET"]}}],"collection":[{"href":"https:\/\/velumnautica.com\/en\/wp-json\/wp\/v2\/pages"}],"about":[{"href":"https:\/\/velumnautica.com\/en\/wp-json\/wp\/v2\/types\/page"}],"author":[{"embeddable":true,"href":"https:\/\/velumnautica.com\/en\/wp-json\/wp\/v2\/users\/1"}],"replies":[{"embeddable":true,"href":"https:\/\/velumnautica.com\/en\/wp-json\/wp\/v2\/comments?post=20603"}],"version-history":[{"count":0,"href":"https:\/\/velumnautica.com\/en\/wp-json\/wp\/v2\/pages\/20603\/revisions"}],"wp:attachment":[{"href":"https:\/\/velumnautica.com\/en\/wp-json\/wp\/v2\/media?parent=20603"}],"curies":[{"name":"wp","href":"https:\/\/api.w.org\/{rel}","templated":true}]}}